{"id":1241,"date":"2020-11-12T00:06:07","date_gmt":"2020-11-12T00:06:07","guid":{"rendered":"https:\/\/insart.quickpage.pl\/?page_id=1241"},"modified":"2021-06-08T08:40:30","modified_gmt":"2021-06-08T08:40:30","slug":"reklamacje","status":"publish","type":"page","link":"https:\/\/insart.com.pl\/index.php\/reklamacje\/","title":{"rendered":"Reklamacje"},"content":{"rendered":"<p>[vc_section bklyn_section_anchor_id=&#8221;Work&#8221; el_name=&#8221;First Section \/ Work&#8221;][vc_row][vc_column width=&#8221;1\/4&#8243;][\/vc_column][vc_column width=&#8221;1\/2&#8243;][vc_column_text el_class=&#8221;tekst_just&#8221;]<\/p>\n<div class=\"inner-wrapper\">\n<div class=\"container_12\">\n<div class=\"grid_12\">\n<h2>Reklamacje<\/h2>\n<p>Wype\u0142niaj\u0105c postanowienia art. 32 ust. 1 pkt 8) ustawy z dnia 15 grudnia 2017r. o dystrybucji ubezpiecze\u0144 (j.t. Dz.U. z 2019r. poz. 1881), Zarz\u0105d sp\u00f3\u0142ki pod firm\u0105 INSART Sp. z o.o., prowadz\u0105cej dzia\u0142alno\u015b\u0107 brokersk\u0105, zwan\u0105 dalej Sp\u00f3\u0142k\u0105, informuje o mo\u017cliwo\u015bci reklamowania us\u0142ug \u015bwiadczonych przez siebie, a tak\u017ce o mo\u017cliwo\u015bci pozas\u0105dowego rozstrzygania spor\u00f3w.<\/p>\n<p><strong><u>Regulacje prawne dot. zasady rozpatrywania reklamacji oraz pozas\u0105dowego rozwi\u0105zywania spor\u00f3w:<\/u><\/strong><\/p>\n<ol>\n<li><em>ustawa z dnia 05\/08\/2015r. o rozpatrywaniu reklamacji przez podmioty rynku finansowego i o Rzeczniku Finansowym<\/em> (j.t. Dz.U. z 2019r. poz. 2279, z p\u00f3\u017an. zm.) \u2013 art. 3 \u2013 10, maj\u0105ce zastosowanie do podmiot\u00f3w poszukuj\u0105cych ochrony ubezpieczeniowej (klient\u00f3w) b\u0119d\u0105cych osobami fizycznymi;<\/li>\n<li><em>ustawa z dnia 15\/12\/2017r. o dystrybucji ubezpiecze\u0144<\/em> (j.t. Dz.U. z 2019r. poz. 1881) \u2013 art. 16, maj\u0105cy zastosowanie do podmiot\u00f3w poszukuj\u0105cych ochrony ubezpieczeniowej (klient\u00f3w) b\u0119d\u0105cych osobami prawnymi albo sp\u00f3\u0142kami nieb\u0119d\u0105cymi osobami prawnymi.<\/li>\n<li><em>ustawa z dnia 05\/08\/2015r. o rozpatrywaniu reklamacji przez podmioty rynku finansowego i o Rzeczniku Finansowym<\/em> (j.t. Dz.U. z 2019r. poz. 2279, z p\u00f3\u017an. zm.) \u2013 art. 35 i in. maj\u0105ce zastosowanie do wszystkich podmiot\u00f3w poszukuj\u0105cych ochrony ubezpieczeniowej.<\/li>\n<\/ol>\n<p><strong><u>Spos\u00f3b zg\u0142aszania reklamacji oraz terminy jej rozpatrzenia zgodnie z przepisami <em>ustawy z dnia 05\/08\/2015r. o rozpatrywaniu reklamacji przez podmioty rynku finansowego i o Rzeczniku Finansowym<\/em> (j.t. Dz.U. z 2019r. poz. 2279, z p\u00f3\u017an. zm.): <\/u><\/strong><\/p>\n<p><strong>Osoby uprawnione (osoby fizyczne &#8211; klienci) mog\u0105 zg\u0142asza\u0107 reklamacje<\/strong>:<\/p>\n<ol>\n<li>pisemnie, osobi\u015bcie w Biurze znajduj\u0105cym si\u0119 w Warszawie, przy ul. Nobla 14 lok. 3, czynnym w godz. 11:00 &#8211; 14:00,<\/li>\n<li>ustnie, telefonicznie na numer 22 350 63 01, albo osobi\u015bcie do protoko\u0142u w Biurze znajduj\u0105cym si\u0119 w Warszawie, przyul. Nobla 14 lok. 3, czynnym w godz. 11:00 &#8211; 14:00,<\/li>\n<li>elektronicznie, za po\u015brednictwem poczty elektronicznej, na adres: <a href=\"mailto:reklamacje@insart.com.pl\">reklamacje@insart.com.pl<\/a> ,<\/li>\n<\/ol>\n<p>w zakresie us\u0142ug \u015bwiadczonych przez Sp\u00f3\u0142k\u0119 na rzecz tych os\u00f3b.<\/p>\n<p>Sp\u00f3\u0142ka, po rozpatrzeniu zg\u0142oszonej reklamacji, udziela odpowiedzi bez zb\u0119dnej zw\u0142oki, jednak nie p\u00f3\u017aniej, ni\u017c w terminie 30 dni, licz\u0105c od dnia otrzymania reklamacji.<\/p>\n<p>Termin na udzielenie odpowiedzi uznaje si\u0119 za zachowany, je\u017celi odpowied\u017a zostanie wys\u0142ana do osoby zg\u0142aszaj\u0105cej reklamacj\u0119 (klienta) przed up\u0142ywem 30 dniowego terminu.<\/p>\n<p>W szczeg\u00f3lnie skomplikowanych przypadkach, uniemo\u017cliwiaj\u0105cych rozpatrzenie reklamacji i udzielenie odpowiedzi w 30 dniowym terminie, Sp\u00f3\u0142ka w informacji przekazywanej osobie, kt\u00f3ra wyst\u0105pi\u0142a z reklamacj\u0105: 1) wyja\u015bnia przyczyn\u0119 op\u00f3\u017anienia, 2) wskazuje okoliczno\u015bci, kt\u00f3re musz\u0105 zosta\u0107 ustalone dla rozpatrzenia sprawy, oraz 3) okre\u015bla przewidywany termin rozpatrzenia reklamacji i udzielenia odpowiedzi, kt\u00f3ry nie mo\u017ce przekroczy\u0107 60 dni od dnia otrzymania reklamacji.<\/p>\n<p>Je\u017celi Sp\u00f3\u0142ka nie udzieli odpowiedzi na zg\u0142oszon\u0105 reklamacj\u0119 w terminie 30 dniowym, ani, w uzasadnionych przypadkach, maksymalnie 60 dniowym terminie, uwa\u017ca si\u0119, \u017ce reklamacja zosta\u0142a rozpoznana zgodnie z wol\u0105 osoby zg\u0142aszaj\u0105cej (klienta).<\/p>\n<p>Odpowied\u017a na reklamacj\u0119 b\u0119dzie zawiera\u0107 w szczeg\u00f3lno\u015bci: 1) uzasadnienie faktyczne i prawne, chyba \u017ce reklamacja zosta\u0142a rozpatrzona zgodnie z wol\u0105 klienta, 2) wyczerpuj\u0105c\u0105 informacj\u0119 na temat stanowiska Sp\u00f3\u0142ki w sprawie skierowanych zastrze\u017ce\u0144, w tym wskazanie odpowiednich fragment\u00f3w wzorca umowy lub umowy, 3) imi\u0119 i nazwisko osoby udzielaj\u0105cej odpowiedzi, ze wskazaniem jej stanowiska s\u0142u\u017cbowego oraz 4) okre\u015blenie terminu, w kt\u00f3rym roszczenie podniesione w reklamacji rozpatrzonej zgodnie z wol\u0105 osoby zg\u0142aszaj\u0105cej (klienta) zostanie zrealizowane, nie d\u0142u\u017cszego ni\u017c 30 dni od dnia sporz\u0105dzenia odpowiedzi.<\/p>\n<p>W przypadku nieuwzgl\u0119dnienia roszcze\u0144 wynikaj\u0105cych z reklamacji, Sp\u00f3\u0142ka w odpowiedzi na reklamacj\u0119 zawrze pouczenie o mo\u017cliwo\u015bci: 1) wyst\u0105pienia z wnioskiem o rozpatrzenie sprawy do Rzecznika Finansowego, 2) skorzystania z mo\u017cliwo\u015bci skierowania sprawy do mediacji albo innego, dost\u0119pnego sposobu polubownego rozwi\u0105zywania spor\u00f3w, 3) wyst\u0105pienia z pow\u00f3dztwem do s\u0105du powszechnego ze wskazaniem podmiotu, kt\u00f3ry powinien by\u0107 pozwany i s\u0105du miejscowo w\u0142a\u015bciwego do rozpoznania sprawy.<\/p>\n<p>Odpowied\u017a na reklamacj\u0119 jest udzielana na pi\u015bmie, w postaci papierowej lub za pomoc\u0105 innego trwa\u0142ego no\u015bnika. Odpowied\u017a na reklamacj\u0119 mo\u017ce zosta\u0107 tak\u017ce dostarczona poczt\u0105 elektroniczn\u0105, je\u017celi osoba sk\u0142adaj\u0105ca reklamacj\u0119 (klient) z\u0142o\u017cy taki wniosek.<\/p>\n<p>Niezale\u017cenie od powy\u017cszej informacji, zgodnie z wymogami art. 4 <em>ustawy z dnia 05\/08\/2015r. o rozpatrywaniu reklamacji przez podmioty rynku finansowego i o Rzeczniku Finansowym<\/em> (j.t. Dz.U. z 2019r. poz. 2279, z p\u00f3\u017an. zm.), w umowach\/zleceniach brokerskich podpisywanych z osobami fizycznymi znajduj\u0105 si\u0119, wymagane ustaw\u0105, zapisy dotycz\u0105ce procedury sk\u0142adania reklamacji oraz ich rozpatrywania przez Sp\u00f3\u0142k\u0119.<\/p>\n<p><strong><u>Spos\u00f3b zg\u0142aszania reklamacji oraz terminy jej rozpatrzenia zgodnie z przepisami <em>z dnia 15\/12\/2017r. o dystrybucji ubezpiecze\u0144<\/em> (j.t. Dz.U. z 2019r. poz. 1881):<\/u><\/strong><\/p>\n<p><strong>Podmioty uprawnione (osoby prawne oraz sp\u00f3\u0142ki nie posiadaj\u0105ce osobowo\u015bci prawnej &#8211; klienci) mog\u0105 zg\u0142asza\u0107 reklamacje <\/strong>w zakresie us\u0142ug \u015bwiadczonych przez Sp\u00f3\u0142k\u0119 na rzecz tych podmiot\u00f3w, nie zwi\u0105zanych z udzielan\u0105 ochron\u0105 ubezpieczeniow\u0105.<\/p>\n<p>Reklamacje mo\u017cna kierowa\u0107 na adres korespondencyjny Sp\u00f3\u0142ki \u2013 03-938 Warszawa, ul. Nobla 14 lok. 3, albo za po\u015brednictwem poczty elektronicznej, na adres: <a href=\"mailto:reklamacje@insart.com.pl\">reklamacje@insart.com.pl<\/a> ,<\/p>\n<p>Sp\u00f3\u0142ka, po rozpatrzeniu zg\u0142oszonej reklamacji, udziela odpowiedzi bez zb\u0119dnej zw\u0142oki, jednak nie p\u00f3\u017aniej, ni\u017c w terminie 30 dni, licz\u0105c od dnia otrzymania reklamacji.<\/p>\n<p>Termin na udzielenie odpowiedzi uznaje si\u0119 za zachowany, je\u017celi odpowied\u017a zostanie wys\u0142ana do podmiotu zg\u0142aszaj\u0105cego reklamacj\u0119 przed up\u0142ywem 30 dniowego terminu.<\/p>\n<p>W szczeg\u00f3lnie skomplikowanych przypadkach, uniemo\u017cliwiaj\u0105cych rozpatrzenie reklamacji i udzielenie odpowiedzi w 30 dniowym terminie, Sp\u00f3\u0142ka w informacji przekazywanej podmiotowi, kt\u00f3ry wyst\u0105pi\u0142 z reklamacj\u0105: 1) wyja\u015bnia przyczyn\u0119 op\u00f3\u017anienia, 2) wskazuje okoliczno\u015bci, kt\u00f3re musz\u0105 zosta\u0107 ustalone dla rozpatrzenia sprawy, oraz 3) okre\u015bla przewidywany termin rozpatrzenia reklamacji i udzielenia odpowiedzi, kt\u00f3ry nie mo\u017ce przekroczy\u0107 60 dni od dnia otrzymania reklamacji.<\/p>\n<p>Je\u017celi Sp\u00f3\u0142ka nie udzieli odpowiedzi na zg\u0142oszon\u0105 reklamacj\u0119 w terminie 30 dniowym, ani, w uzasadnionych przypadkach, maksymalnie 60 dniowym terminie, uwa\u017ca si\u0119, \u017ce reklamacja zosta\u0142a rozpoznana zgodnie z wol\u0105 podmiotu zg\u0142aszaj\u0105cego.<\/p>\n<p>Odpowied\u017a na reklamacj\u0119 jest udzielana na pi\u015bmie, w postaci papierowej lub za pomoc\u0105 innego trwa\u0142ego no\u015bnika.<\/p>\n<p>Informacja o przetwarzaniu danych osobowych, m.in. w zwi\u0105zku ze z\u0142o\u017con\u0105 reklamacj\u0105, znajduje si\u0119 pod adresem <a href=\"https:\/\/insart.com.pl\/rodo\/\">insart.com.pl\/Polityka Ochrony Danych\/<\/a> .<\/p>\n<p><strong><u>Pozas\u0105dowe rozstrzyganie spor\u00f3w:<\/u><\/strong><\/p>\n<p>Do pozas\u0105dowego rozstrzygania spor\u00f3w stosuje si\u0119 przepisy ustawy z dnia 05\/08\/2015r. o rozpatrywaniu reklamacji przez podmioty rynku finansowego i o Rzeczniku Finansowym (j.t. Dz.U. z 2019r. poz. 2279, z p\u00f3\u017an. zm.) oraz przepisy wymienione w tej ustawie.<\/p>\n<p>Zgodnie z przepisami art. 35 i n. ustawy z dnia 05\/08\/2015r. o rozpatrywaniu reklamacji przez podmioty rynku finansowego i o Rzeczniku Finansowym (j.t. Dz.U. z 2019r. poz. 2279, z p\u00f3\u017an. zm.) sp\u00f3r mi\u0119dzy klientem a podmiotem rynku finansowego mo\u017ce by\u0107 zako\u0144czony w drodze pozas\u0105dowego post\u0119powania w sprawie rozwi\u0105zywania spor\u00f3w mi\u0119dzy klientem a podmiotem rynku finansowego.<\/p>\n<p>W takim post\u0119powaniu spraw\u0119 prowadzi osoba upowa\u017cniona przez Rzecznika Finansowego, a samo post\u0119powanie jest wszczynane na wniosek klienta podmiotu rynku finansowego.<\/p>\n<p>Szczeg\u00f3\u0142owe zasady takiego post\u0119powania s\u0105 uregulowane w tre\u015bci przywo\u0142anej powy\u017cej ustawy, wydanego na jej podstawie rozporz\u0105dzenia Ministra Rozwoju i Finans\u00f3w z dnia 15\/02\/2017r. w sprawie pozas\u0105dowego post\u0119powania przed Rzecznikiem Finansowym (Dz.U. z 2017r. poz. 303, z p\u00f3\u017an. zm.) oraz w zakresie nieuregulowanym, ustawy 23\/09\/2016r. o pozas\u0105dowym rozwi\u0105zywaniu spor\u00f3w konsumenckich (Dz.U. z 2016r. poz. 1823 z p\u00f3\u017an. zm.).<\/p>\n<p>Kontakt: Rzecznik Finansowy, 02-001 Warszawa, al. Jerozolimskie 87, tel.\u00a0 22\u00a0333 73 26\/27, <a href=\"http:\/\/www.rf.gov.pl\">www.rf.gov.pl<\/a>.<\/p>\n<p>&nbsp;<\/p>\n<\/div>\n<\/div>\n<\/div>\n<p>[\/vc_column_text][\/vc_column][vc_column width=&#8221;1\/4&#8243;][\/vc_column][\/vc_row][\/vc_section]<\/p>\n","protected":false},"excerpt":{"rendered":"<p>[vc_section bklyn_section_anchor_id=&#8221;Work&#8221; el_name=&#8221;First Section \/ Work&#8221;][vc_row][vc_column width=&#8221;1\/4&#8243;][\/vc_column][vc_column width=&#8221;1\/2&#8243;][vc_column_text el_class=&#8221;tekst_just&#8221;] Reklamacje Wype\u0142niaj\u0105c postanowienia art. 32 ust. 1 pkt 8) ustawy z dnia 15 grudnia 2017r. o dystrybucji ubezpiecze\u0144 (j.t. Dz.U. z 2019r. poz. 1881), Zarz\u0105d sp\u00f3\u0142ki pod firm\u0105 INSART Sp. z o.o., prowadz\u0105cej dzia\u0142alno\u015b\u0107 brokersk\u0105, zwan\u0105 dalej Sp\u00f3\u0142k\u0105, informuje o mo\u017cliwo\u015bci reklamowania us\u0142ug \u015bwiadczonych przez siebie, [&hellip;]<\/p>\n","protected":false},"author":1,"featured_media":0,"parent":0,"menu_order":0,"comment_status":"closed","ping_status":"closed","template":"","meta":[],"_links":{"self":[{"href":"https:\/\/insart.com.pl\/index.php\/wp-json\/wp\/v2\/pages\/1241"}],"collection":[{"href":"https:\/\/insart.com.pl\/index.php\/wp-json\/wp\/v2\/pages"}],"about":[{"href":"https:\/\/insart.com.pl\/index.php\/wp-json\/wp\/v2\/types\/page"}],"author":[{"embeddable":true,"href":"https:\/\/insart.com.pl\/index.php\/wp-json\/wp\/v2\/users\/1"}],"replies":[{"embeddable":true,"href":"https:\/\/insart.com.pl\/index.php\/wp-json\/wp\/v2\/comments?post=1241"}],"version-history":[{"count":5,"href":"https:\/\/insart.com.pl\/index.php\/wp-json\/wp\/v2\/pages\/1241\/revisions"}],"predecessor-version":[{"id":1476,"href":"https:\/\/insart.com.pl\/index.php\/wp-json\/wp\/v2\/pages\/1241\/revisions\/1476"}],"wp:attachment":[{"href":"https:\/\/insart.com.pl\/index.php\/wp-json\/wp\/v2\/media?parent=1241"}],"curies":[{"name":"wp","href":"https:\/\/api.w.org\/{rel}","templated":true}]}}