{"id":1243,"date":"2020-11-12T00:07:31","date_gmt":"2020-11-12T00:07:31","guid":{"rendered":"https:\/\/insart.quickpage.pl\/?page_id=1243"},"modified":"2021-06-08T08:41:36","modified_gmt":"2021-06-08T08:41:36","slug":"rodo","status":"publish","type":"page","link":"https:\/\/insart.com.pl\/index.php\/rodo\/","title":{"rendered":"Rodo"},"content":{"rendered":"<p>[vc_section bklyn_section_anchor_id=&#8221;Work&#8221; el_name=&#8221;First Section \/ Work&#8221;][vc_row][vc_column width=&#8221;1\/4&#8243;][\/vc_column][vc_column width=&#8221;1\/2&#8243;][vc_column_text el_class=&#8221;tekst_just&#8221;]<\/p>\n<div class=\"inner-wrapper\">\n<div class=\"container_12\">\n<div class=\"grid_12\">\n<h2><strong>Informacje o ochronie danych osobowych <\/strong><\/h2>\n<p>Na podstawie art. 13 ust. 1 i 2 rozporz\u0105dzenia Parlamentu Europejskiego i Rady (UE) 2016\/679 z dnia 27 kwietnia 2016r. w sprawie ochrony os\u00f3b fizycznych w zwi\u0105zku z przetwarzaniem danych osobowych i w sprawie swobodnego przep\u0142ywu takich danych oraz uchylenia dyrektywy 95\/46\/WE (og\u00f3lne rozporz\u0105dzenie o ochronie danych) (Dz.U. UE. z 2016r., L 119, poz. 1) (RODO), sp\u00f3\u0142ka pod firm\u0105 Insart Sp. z o.o. informuje, \u017ce:<\/p>\n<ol>\n<li>Administratorem danych osobowych (ADO) jest sp\u00f3\u0142ka pod firm\u0105 INSART Sp. z o.o., z siedzib\u0105 w Warszawie (04-785), przy ul. Wac\u0142awa Wojtyszki 75F, wpisana do rejestru przedsi\u0119biorc\u00f3w przez S\u0105d Rejonowy dla m.st. Warszawy w Warszawie, XIV Wydzia\u0142 Gospodarczy KRS, za numerem 402955, NIP: 9522115592, kapita\u0142 zak\u0142adowy: 6.000 PLN.<\/li>\n<\/ol>\n<p>Adres do korespondencji: 03-930 Warszawa, ul. Nobla 14 lok. 3.<\/p>\n<ol start=\"2\">\n<li>ADO nie wyznaczy\u0142 Inspektora Ochrony Danych, jednak\u017ce w sprawach zwi\u0105zanych z przetwarzaniem danych osobowych mo\u017cna si\u0119 skontaktowa\u0107 pisz\u0105c na adres korespondencyjny ADO lub adres poczty elektronicznej <a href=\"mailto:biuro@insart.com.pl\">biuro@insart.com.pl<\/a>.<\/li>\n<li>Pani\/Pana dane osobowe przetwarzane b\u0119d\u0105 do cel\u00f3w:<\/li>\n<\/ol>\n<ul>\n<li>nawi\u0105zania kontaktu z Pani\u0105\/Panem, jego kontynuacji oraz komunikacji za po\u015brednictwem m.in. poczty, poczty e-mail, telefonu, oraz wszelkich program\u00f3w i\/lub dost\u0119pnych urz\u0105dze\u0144 umo\u017cliwiaj\u0105cych wzajemn\u0105 komunikacj\u0119, zgodnie z przekazanymi danymi; podstaw\u0105 prawn\u0105 przetwarzania danych osobowych, w okoliczno\u015bciach jest art. 6 ust. 1 lit. f) RODO \u2014 nawi\u0105zanie kontaktu, jego utrzymanie oraz prowadzenie komunikacji z osobami, kt\u00f3re zwr\u00f3ci\u0142y si\u0119 do nas, jako ADO, w celach informacyjnych, jest naszym uzasadnionym interesem prawnym;<\/li>\n<li>wykonywania przez ADO (jako brokera ubezpieczeniowego prowadz\u0105cego dzia\u0142alno\u015b\u0107 w zakresie ubezpiecze\u0144), na Pani\/Pana rzecz, zgodnie ze zleceniem, czynno\u015bci brokerskich okre\u015blonych w przepisach ustawy o dystrybucji ubezpiecze\u0144, b\u0105d\u017a innych czynno\u015bci, o ile zlecenie zosta\u0142o przez Pani\u0105\/Pana udzielone; podstaw\u0105 prawn\u0105 ww. przetwarzania danych osobowych jest art. 6 ust. 1 lit. b) lub r\u00f3wnie\u017c art. 9 ust. 2 lit. F) RODO (je\u017celi ADO b\u0119dzie przetwarza\u0142 dane osobowe szczeg\u00f3lnej kategorii).<\/li>\n<\/ul>\n<ol start=\"4\">\n<li>Podanie przez Pani\u0105\/Pana danych osobowych jest dobrowolne, ale jednak niezb\u0119dne do podj\u0119cia jakichkolwiek czynno\u015bci przez ADO, zleconych przez Pani\u0105\/Pana, b\u0105d\u017a podmiot, kt\u00f3ry przekaza\u0142 nam Pani\/Pana dane osobowe.<\/li>\n<li>Odbiorc\u0105 Pani\/Pana danych osobowych b\u0119d\u0105 podmioty uprawnione do przetwarzania danych na podstawie przepis\u00f3w prawa, jako dalsi administratorzy danych, oraz podmioty \u015bwiadcz\u0105ce us\u0142ugi na rzecz ADO w zakresie przetwarzania danych (powierzenie przetwarzania danych), na podstawie odr\u0119bnych um\u00f3w.<\/li>\n<li>Pani\/Pana dane osobowe b\u0119d\u0105 przechowywane przez czas okre\u015blony przepisami prawa, a w przypadku przetwarzania na podstawie zgody, po ustaniu celu, w jakim zosta\u0142y udzielone lub po wycofaniu wcze\u015bniej udzielonej zgody.<\/li>\n<li>Osoba, kt\u00f3rej dane osobowe dotycz\u0105, posiada prawo:<\/li>\n<\/ol>\n<ul>\n<li>\u017c\u0105dania od ADO dost\u0119pu do danych osobowych oraz prawo ich sprostowania, usuni\u0119cia lub ograniczenia przetwarzania, prawo wniesienia sprzeciwu wobec ich przetwarzania oraz prawo do przenoszenia danych osobowych;<\/li>\n<li>je\u017celi przetwarzanie odbywa si\u0119 na podstawie zgody, do cofni\u0119cia zgody w dowolnym momencie, bez wp\u0142ywu na zgodno\u015b\u0107 z prawem przetwarzania, kt\u00f3rego dokonano na podstawie zgody przed jej cofni\u0119ciem;<\/li>\n<li>do wniesienia skargi do Prezesa Urz\u0119du Ochrony Danych Osobowych (ul. Stawki 2; 00-193 Warszawa), gdy uzna, \u017ce przetwarzanie dotycz\u0105cych jej danych osobowych narusza przepisy RODO, z zastrze\u017ceniem odr\u0119bnych przepis\u00f3w, kt\u00f3re mog\u0105 ograniczy\u0107 wszystkie b\u0105d\u017a poszczeg\u00f3lne prawa.<\/li>\n<\/ul>\n<ol start=\"8\">\n<li>Pani\/Pana dane osobowe nie b\u0119d\u0105 przetwarzane w spos\u00f3b zautomatyzowany oraz nie b\u0119d\u0105 profilowane.<\/li>\n<li>Dane osobowe nie b\u0119d\u0105 przekazywane do pa\u0144stw trzecich oraz do organizacji mi\u0119dzynarodowych.<\/li>\n<\/ol>\n<p>&nbsp;<\/p>\n<\/div>\n<\/div>\n<\/div>\n<p>[\/vc_column_text][\/vc_column][vc_column width=&#8221;1\/4&#8243;][\/vc_column][\/vc_row][\/vc_section]<\/p>\n","protected":false},"excerpt":{"rendered":"<p>[vc_section bklyn_section_anchor_id=&#8221;Work&#8221; el_name=&#8221;First Section \/ Work&#8221;][vc_row][vc_column width=&#8221;1\/4&#8243;][\/vc_column][vc_column width=&#8221;1\/2&#8243;][vc_column_text el_class=&#8221;tekst_just&#8221;] Informacje o ochronie danych osobowych Na podstawie art. 13 ust. 1 i 2 rozporz\u0105dzenia Parlamentu Europejskiego i Rady (UE) 2016\/679 z dnia 27 kwietnia 2016r. w sprawie ochrony os\u00f3b fizycznych w zwi\u0105zku z przetwarzaniem danych osobowych i w sprawie swobodnego przep\u0142ywu takich danych oraz uchylenia dyrektywy [&hellip;]<\/p>\n","protected":false},"author":1,"featured_media":0,"parent":0,"menu_order":0,"comment_status":"closed","ping_status":"closed","template":"","meta":[],"_links":{"self":[{"href":"https:\/\/insart.com.pl\/index.php\/wp-json\/wp\/v2\/pages\/1243"}],"collection":[{"href":"https:\/\/insart.com.pl\/index.php\/wp-json\/wp\/v2\/pages"}],"about":[{"href":"https:\/\/insart.com.pl\/index.php\/wp-json\/wp\/v2\/types\/page"}],"author":[{"embeddable":true,"href":"https:\/\/insart.com.pl\/index.php\/wp-json\/wp\/v2\/users\/1"}],"replies":[{"embeddable":true,"href":"https:\/\/insart.com.pl\/index.php\/wp-json\/wp\/v2\/comments?post=1243"}],"version-history":[{"count":4,"href":"https:\/\/insart.com.pl\/index.php\/wp-json\/wp\/v2\/pages\/1243\/revisions"}],"predecessor-version":[{"id":1477,"href":"https:\/\/insart.com.pl\/index.php\/wp-json\/wp\/v2\/pages\/1243\/revisions\/1477"}],"wp:attachment":[{"href":"https:\/\/insart.com.pl\/index.php\/wp-json\/wp\/v2\/media?parent=1243"}],"curies":[{"name":"wp","href":"https:\/\/api.w.org\/{rel}","templated":true}]}}