{"id":1390,"date":"2021-01-29T00:47:13","date_gmt":"2021-01-29T00:47:13","guid":{"rendered":"https:\/\/insart.quickpage.pl\/?page_id=1390"},"modified":"2021-02-02T18:07:03","modified_gmt":"2021-02-02T18:07:03","slug":"szkody","status":"publish","type":"page","link":"https:\/\/insart.com.pl\/index.php\/szkody\/","title":{"rendered":"Szkody"},"content":{"rendered":"<p>[vc_section bklyn_section_anchor_id=&#8221;Work&#8221; el_name=&#8221;First Section \/ Work&#8221;][vc_row][vc_column width=&#8221;1\/4&#8243;][\/vc_column][vc_column width=&#8221;1\/2&#8243;][vc_column_text el_class=&#8221;tekst_just&#8221;]Praca Zespo\u0142u Szkodowego Insart rozpoczyna si\u0119 ju\u017c na etapie plasowania ryzyka. Wsp\u00f3lnie z Zespo\u0142em Szkodowym ustalane s\u0105 adekwatne zapisy umowy ubezpieczenia, kt\u00f3re pozwalaj\u0105 na prawid\u0142owe zarz\u0105dzanie procesem szkodowym po materializacji ryzyka ubezpieczeniowego, czyli w momencie powstania zdarzenia szkodowego.<\/p>\n<p>W zakresie naszego zaanga\u017cowania zdecydowanie wykraczamy poza standardy rynkowe. Nasz udzia\u0142 w procesie szkodowym to nie tylko tworzenie \u0142adu korespondencyjnego, ale przede wszystkim kszta\u0142towanie procesu, \u201ewyposa\u017cenie\u201d Klienta w niezb\u0119dn\u0105 wiedz\u0119 z zakresu szans i zagro\u017ce\u0144 wynikaj\u0105cych z procesu.<\/p>\n<p>Wiedz\u0105, kt\u00f3r\u0105 posiadamy, chcemy i umiemy si\u0119 dzieli\u0107 poprzez liczne publikacje w prasie bran\u017cowej, czy te\u017c szkolenia dla \u015brodowiska ubezpieczeniowego.[\/vc_column_text]<style type=\"text\/css\"><\/style><div id=\"bklyn_btn_69e1da8659541\" class=\"bklyn-btn-holder  bklyn-btn-center\"><a title=\"Powr\u00f3t\"   href=\"https:\/\/www.insart.com.pl\/#zakres\" target=\"_self\" class=\"bklyn-btn bklyn-btn-icon-left bklyn-btn-normal\" ><i class=\"fa fa-reply\"><\/i><span class=\"ut-btn-text\">Powr\u00f3t<\/span><\/a><\/div>[\/vc_column][vc_column width=&#8221;1\/4&#8243;][\/vc_column][\/vc_row][\/vc_section]<\/p>\n","protected":false},"excerpt":{"rendered":"<p>[vc_section bklyn_section_anchor_id=&#8221;Work&#8221; el_name=&#8221;First Section \/ Work&#8221;][vc_row][vc_column width=&#8221;1\/4&#8243;][\/vc_column][vc_column width=&#8221;1\/2&#8243;][vc_column_text el_class=&#8221;tekst_just&#8221;]Praca Zespo\u0142u Szkodowego Insart rozpoczyna si\u0119 ju\u017c na etapie plasowania ryzyka. Wsp\u00f3lnie z Zespo\u0142em Szkodowym ustalane s\u0105 adekwatne zapisy umowy ubezpieczenia, kt\u00f3re pozwalaj\u0105 na prawid\u0142owe zarz\u0105dzanie procesem szkodowym po materializacji ryzyka ubezpieczeniowego, czyli w momencie powstania zdarzenia szkodowego. W zakresie naszego zaanga\u017cowania zdecydowanie wykraczamy poza standardy rynkowe. [&hellip;]<\/p>\n","protected":false},"author":1,"featured_media":0,"parent":0,"menu_order":0,"comment_status":"closed","ping_status":"closed","template":"","meta":[],"_links":{"self":[{"href":"https:\/\/insart.com.pl\/index.php\/wp-json\/wp\/v2\/pages\/1390"}],"collection":[{"href":"https:\/\/insart.com.pl\/index.php\/wp-json\/wp\/v2\/pages"}],"about":[{"href":"https:\/\/insart.com.pl\/index.php\/wp-json\/wp\/v2\/types\/page"}],"author":[{"embeddable":true,"href":"https:\/\/insart.com.pl\/index.php\/wp-json\/wp\/v2\/users\/1"}],"replies":[{"embeddable":true,"href":"https:\/\/insart.com.pl\/index.php\/wp-json\/wp\/v2\/comments?post=1390"}],"version-history":[{"count":4,"href":"https:\/\/insart.com.pl\/index.php\/wp-json\/wp\/v2\/pages\/1390\/revisions"}],"predecessor-version":[{"id":1437,"href":"https:\/\/insart.com.pl\/index.php\/wp-json\/wp\/v2\/pages\/1390\/revisions\/1437"}],"wp:attachment":[{"href":"https:\/\/insart.com.pl\/index.php\/wp-json\/wp\/v2\/media?parent=1390"}],"curies":[{"name":"wp","href":"https:\/\/api.w.org\/{rel}","templated":true}]}}